{"id":36,"date":"2025-04-30T22:29:51","date_gmt":"2025-04-30T20:29:51","guid":{"rendered":"http:\/\/psychologue-autisme.fr\/?page_id=36"},"modified":"2025-07-18T21:57:21","modified_gmt":"2025-07-18T19:57:21","slug":"a-propos-2","status":"publish","type":"page","link":"https:\/\/psychologue-autisme.fr\/?page_id=36","title":{"rendered":"A propos"},"content":{"rendered":"\n<div class=\"wp-block-media-text alignfull is-stacked-on-mobile is-image-fill-element\"><figure class=\"wp-block-media-text__media\"><img loading=\"lazy\" decoding=\"async\" width=\"1024\" height=\"683\" src=\"https:\/\/psychologue-autisme.fr\/wp-content\/uploads\/2025\/07\/andrew-ebrahim-Df_HHzSseEg-unsplash-1-1024x683.jpg\" alt=\"\" class=\"wp-image-198 size-full\" style=\"object-position:50% 50%\" srcset=\"https:\/\/psychologue-autisme.fr\/wp-content\/uploads\/2025\/07\/andrew-ebrahim-Df_HHzSseEg-unsplash-1-1024x683.jpg 1024w, https:\/\/psychologue-autisme.fr\/wp-content\/uploads\/2025\/07\/andrew-ebrahim-Df_HHzSseEg-unsplash-1-300x200.jpg 300w, https:\/\/psychologue-autisme.fr\/wp-content\/uploads\/2025\/07\/andrew-ebrahim-Df_HHzSseEg-unsplash-1-768x512.jpg 768w, https:\/\/psychologue-autisme.fr\/wp-content\/uploads\/2025\/07\/andrew-ebrahim-Df_HHzSseEg-unsplash-1-1536x1024.jpg 1536w, https:\/\/psychologue-autisme.fr\/wp-content\/uploads\/2025\/07\/andrew-ebrahim-Df_HHzSseEg-unsplash-1.jpg 1920w\" sizes=\"auto, (max-width: 1024px) 100vw, 1024px\" \/><\/figure><div class=\"wp-block-media-text__content\">\n<p>Depuis le d\u00e9but de mon parcours, j\u2019ai \u00e0 c\u0153ur de proposer des \u00e9valuations et des suivis individualis\u00e9s, fond\u00e9s sur les recommandations de bonne pratique (HAS, Anesm) et adapt\u00e9s aux besoins sp\u00e9cifiques de chaque personne, qu\u2019il s\u2019agisse d\u2019enfants, d\u2019adolescents ou d\u2019adultes.<br>En parall\u00e8le de mon activit\u00e9 en cabinet lib\u00e9ral, je travaille dans un IME de la Haute-Garonne, aupr\u00e8s d\u2019enfants et d\u2019adolescents pr\u00e9sentant des troubles du neurod\u00e9veloppement. Je crois profond\u00e9ment aux b\u00e9n\u00e9fices d\u2019une approche centr\u00e9e sur la personne, respectant ses particularit\u00e9s et mettant en valeur ses comp\u00e9tences et son potentiel.<\/p>\n\n\n\n<p><br>J\u2019accorde une importance particuli\u00e8re au travail en r\u00e9seau et \u00e0 la collaboration avec les familles, les aidants et les partenaires ext\u00e9rieurs (\u00e9coles, professionnels de sant\u00e9, structures m\u00e9dico-sociales), afin de garantir une prise en charge globale, coh\u00e9rente et bienveillante.<br>Enfin, je suis attach\u00e9e \u00e0 une pratique en constante \u00e9volution, nourrie par l\u2019exp\u00e9rience de terrain, la formation continue et le travail pluridisciplinaire.<\/p>\n<\/div><\/div>\n\n\n\n<div class=\"wp-block-cover alignfull is-light has-custom-body-text-color-color has-text-color wp-duotone-unset-1\" style=\"margin-top:0px;margin-bottom:0px;padding-top:0px;padding-bottom:96px;font-style:normal;font-weight:400\"><span aria-hidden=\"true\" class=\"wp-block-cover__background has-background-dim-0 has-background-dim\"><\/span><div class=\"wp-block-cover__inner-container has-global-padding is-layout-constrained wp-container-core-cover-is-layout-37aa1daa wp-block-cover-is-layout-constrained\">\n<div style=\"height:100px\" aria-hidden=\"true\" class=\"wp-block-spacer\"><\/div>\n\n\n\n<h2 class=\"wp-block-heading has-text-align-center has-text-color\" style=\"color:#000000;margin-bottom:112px;font-size:clamp(24.034px, 1.502rem + ((1vw - 3.2px) * 1.814), 40px);font-style:normal;font-weight:400;line-height:1.6\">Formations et certifications<\/h2>\n\n\n\n<p style=\"font-size:clamp(14px, 0.875rem + ((1vw - 3.2px) * 0.455), 18px);\">Octobre 2024 &#8211; \u00ab <strong>NEPSY-II : approche neuropsychologique des troubles du d\u00e9veloppement et des apprentissages<\/strong> \u00bb                                                       <em>Appea<\/em><\/p>\n\n\n\n<p style=\"font-size:clamp(14px, 0.875rem + ((1vw - 3.2px) * 0.455), 18px);\">Septembre 2024 &#8211; \u00ab <strong>Vie affective, intime, relationnelle et sexuelle : comment accompagner une personne avec un TSA et TDI associ\u00e9s<\/strong> \u00bb                        <em>Centre Ressource Autisme Midi-Pyr\u00e9n\u00e9es<\/em><\/p>\n\n\n\n<p>D\u00e9cembre 2022 &#8211; \u00ab <strong>Violences sexuelles et handicap psychique<\/strong> \u00bb              <em>CRIAVS Midi-Pyr\u00e9n\u00e9es (Centre Ressources pour les Intervenants aupr\u00e8s d&rsquo;Auteurs de Violences Sexuelles)<\/em><\/p>\n\n\n\n<p class=\"has-text-color has-link-color wp-elements-ef24d432d138762645b37e8b014c5ab0\" style=\"color:#000000\">Mai 2022 &#8211; \u00ab <strong>Polyhandicap : penser les rep\u00e8res essentiels de l&rsquo;accompagnement. Familles, professionnels : conjuguer valeurs et contraintes<\/strong> \u00bb                                                                                                        <em>GPF (Groupe Polyhandicap France)<\/em><\/p>\n\n\n\n<p style=\"font-size:clamp(14px, 0.875rem + ((1vw - 3.2px) * 0.455), 18px);\">Novembre 2019 &#8211; \u00ab <strong>Evaluation et gestion des comportements-d\u00e9fis<\/strong> \u00bb <em>Formavision<\/em><\/p>\n\n\n\n<p style=\"font-size:clamp(14px, 0.875rem + ((1vw - 3.2px) * 0.455), 18px);\">Juillet 2019 &#8211; \u00ab <strong>Evaluation des comportements socio-adaptatifs \u00e0 l\u2019aide de la Vineland-II<\/strong> \u00bb                                                                                                        <em>Psy-Cl\u00e9-D\u00e9clic<\/em><\/p>\n\n\n\n<p style=\"font-size:clamp(14px, 0.875rem + ((1vw - 3.2px) * 0.455), 18px);\">F\u00e9vrier 2018 &#8211; \u00ab <strong>Aide \u00e0 la communication et au langage Makaton<\/strong> \u00bb             <em>AAD MAKATON<\/em><\/p>\n\n\n\n<p>Mai 2017 &#8211; Conf\u00e9rence \u00ab <strong>Sexualit\u00e9 et handicap : quels liens de travail avec les familles ? <\/strong>\u00bb                                                                                                                      <em>Denis Vaginay, docteur en psychologie<\/em><\/p>\n\n\n\n<p style=\"font-size:clamp(14px, 0.875rem + ((1vw - 3.2px) * 0.455), 18px);\">Ann\u00e9e 2014-2015 &#8211; <strong>Master de Psychologie du d\u00e9veloppement : Socialisation et Cognition<\/strong><\/p>\n<\/div><\/div>\n\n\n\n<p><\/p>\n","protected":false},"excerpt":{"rendered":"<p>Depuis le d\u00e9but de mon parcours, j\u2019ai \u00e0 c\u0153ur de proposer des \u00e9valuations et des suivis individualis\u00e9s, fond\u00e9s sur les recommandations de bonne pratique (HAS, Anesm) et adapt\u00e9s aux besoins sp\u00e9cifiques de chaque personne, qu\u2019il s\u2019agisse d\u2019enfants, d\u2019adolescents ou d\u2019adultes.En parall\u00e8le de mon activit\u00e9 en cabinet lib\u00e9ral, je travaille dans un IME de la Haute-Garonne, [&hellip;]<\/p>\n","protected":false},"author":1,"featured_media":0,"parent":0,"menu_order":0,"comment_status":"closed","ping_status":"closed","template":"","meta":{"footnotes":""},"class_list":["post-36","page","type-page","status-publish","hentry"],"_links":{"self":[{"href":"https:\/\/psychologue-autisme.fr\/index.php?rest_route=\/wp\/v2\/pages\/36","targetHints":{"allow":["GET"]}}],"collection":[{"href":"https:\/\/psychologue-autisme.fr\/index.php?rest_route=\/wp\/v2\/pages"}],"about":[{"href":"https:\/\/psychologue-autisme.fr\/index.php?rest_route=\/wp\/v2\/types\/page"}],"author":[{"embeddable":true,"href":"https:\/\/psychologue-autisme.fr\/index.php?rest_route=\/wp\/v2\/users\/1"}],"replies":[{"embeddable":true,"href":"https:\/\/psychologue-autisme.fr\/index.php?rest_route=%2Fwp%2Fv2%2Fcomments&post=36"}],"version-history":[{"count":22,"href":"https:\/\/psychologue-autisme.fr\/index.php?rest_route=\/wp\/v2\/pages\/36\/revisions"}],"predecessor-version":[{"id":241,"href":"https:\/\/psychologue-autisme.fr\/index.php?rest_route=\/wp\/v2\/pages\/36\/revisions\/241"}],"wp:attachment":[{"href":"https:\/\/psychologue-autisme.fr\/index.php?rest_route=%2Fwp%2Fv2%2Fmedia&parent=36"}],"curies":[{"name":"wp","href":"https:\/\/api.w.org\/{rel}","templated":true}]}}