{"id":31,"date":"2025-04-30T22:29:02","date_gmt":"2025-04-30T20:29:02","guid":{"rendered":"http:\/\/psychologue-autisme.fr\/?page_id=31"},"modified":"2025-07-18T18:36:08","modified_gmt":"2025-07-18T16:36:08","slug":"mes-services","status":"publish","type":"page","link":"https:\/\/psychologue-autisme.fr\/?page_id=31","title":{"rendered":"Mes services et tarifs"},"content":{"rendered":"\n<div style=\"height:11px\" aria-hidden=\"true\" class=\"wp-block-spacer\"><\/div>\n\n\n\n<div class=\"wp-block-cover alignfull is-light wp-duotone-unset-1\" style=\"padding-top:96px;padding-bottom:96px\"><span aria-hidden=\"true\" class=\"wp-block-cover__background has-background-dim-0 has-background-dim\"><\/span><div class=\"wp-block-cover__inner-container has-global-padding is-layout-constrained wp-container-core-cover-is-layout-e1aa79fa wp-block-cover-is-layout-constrained\">\n<div class=\"wp-block-columns is-layout-flex wp-container-core-columns-is-layout-d8416829 wp-block-columns-is-layout-flex\" style=\"margin-top:0px;margin-bottom:70px;padding-top:0px;padding-bottom:0px\">\n<div class=\"wp-block-column has-background is-layout-flow wp-block-column-is-layout-flow\" style=\"background-color:#40593cc4\">\n<figure class=\"wp-block-image aligncenter size-full is-resized\"><img loading=\"lazy\" decoding=\"async\" width=\"80\" height=\"86\" src=\"https:\/\/psychologue-autisme.fr\/wp-content\/uploads\/2025\/07\/therapie.jpg\" alt=\"\" class=\"wp-image-112\" style=\"width:80px;height:undefinedpx\"\/><\/figure>\n\n\n\n<h3 class=\"wp-block-heading has-text-align-center has-text-color\" style=\"color:#000000;padding-top:20px;padding-bottom:20px;font-size:clamp(17.371px, 1.086rem + ((1vw - 3.2px) * 1.094), 27px);font-style:normal;font-weight:400;line-height:1.5\">Suivi adulte<\/h3>\n\n\n\n<p class=\"has-text-align-center has-text-color has-link-color wp-elements-7f90034ef6d87b1361706ebc9b1357d8\" style=\"color:#000000;font-size:clamp(14px, 0.875rem + ((1vw - 3.2px) * 0.455), 18px);\">Le suivi individuel, visant \u00e0 am\u00e9liorer la qualit\u00e9 de vie, consiste en une aide \u00e0 une compr\u00e9hension approfondie du fonctionnement de chacun et au d\u00e9veloppement des comp\u00e9tences fonctionnelles, relationnelles et\/ou professionnelles.<\/p>\n\n\n\n<p class=\"has-text-align-center has-text-color has-link-color wp-elements-7cc917cd44041c89cb542c5185acaa03\" style=\"color:#000000;font-size:clamp(14px, 0.875rem + ((1vw - 3.2px) * 0.455), 18px);\">Chaque accompagnement s\u2019appuie sur une \u00e9valuation approfondie et s\u2019adapte au rythme, aux priorit\u00e9s et aux objectifs de la personne.<\/p>\n\n\n\n<p class=\"has-text-align-center has-text-color\" style=\"color:#000000;font-size:clamp(14px, 0.875rem + ((1vw - 3.2px) * 0.455), 18px);line-height:1.6\">45 mins | 60 euros<\/p>\n<\/div>\n\n\n\n<div class=\"wp-block-column has-background is-layout-flow wp-block-column-is-layout-flow\" style=\"background-color:#40593cc4\">\n<figure class=\"wp-block-image aligncenter size-full\"><img loading=\"lazy\" decoding=\"async\" width=\"80\" height=\"86\" src=\"https:\/\/psychologue-autisme.fr\/wp-content\/uploads\/2025\/07\/enfant-guidance.jpg\" alt=\"\" class=\"wp-image-114\"\/><\/figure>\n\n\n\n<h3 class=\"wp-block-heading has-text-align-center has-text-color\" style=\"color:#000000;padding-top:20px;padding-bottom:20px;font-size:clamp(17.371px, 1.086rem + ((1vw - 3.2px) * 1.094), 27px);font-style:normal;font-weight:400;line-height:1.5\">Suivi enfant, guidance familiale<\/h3>\n\n\n\n<p class=\"has-text-align-center has-text-color has-link-color wp-elements-4fb4c0532e8cf2e3f57bd6fea956d4b4\" style=\"color:#000000;font-size:clamp(14px, 0.875rem + ((1vw - 3.2px) * 0.455), 18px);\">Les suivis sont construits \u00e0 partir d\u2019une \u00e9valuation des besoins de l\u2019enfant et visent le d\u00e9veloppement de comp\u00e9tences cl\u00e9s (communication, autonomie, interactions sociales, gestion des \u00e9motions), en s\u2019adaptant \u00e0 son rythme et \u00e0 ses particularit\u00e9s.<\/p>\n\n\n\n<p class=\"has-text-align-center has-text-color has-link-color wp-elements-4cdbe1d6a579da93e2e13abbe0f99231\" style=\"color:#000000;font-size:clamp(14px, 0.875rem + ((1vw - 3.2px) * 0.455), 18px);\">La guidance parentale fait partie int\u00e9grante de l\u2019accompagnement. Elle permet aux familles de mieux comprendre le fonctionnement de leur enfant, de renforcer leurs comp\u00e9tences \u00e9ducatives et de favoriser une continuit\u00e9 dans les apprentissages au quotidien. Selon les besoins, l&rsquo;accompagnement peut se faire en lien avec les proches et les autres professionnels impliqu\u00e9s, afin de garantir une prise en charge coh\u00e9rente et globale.<\/p>\n\n\n\n<p class=\"has-text-align-center has-text-color\" style=\"color:#000000;font-size:clamp(14px, 0.875rem + ((1vw - 3.2px) * 0.455), 18px);line-height:1.6\">45 mins | 60 euros<\/p>\n\n\n\n<p><\/p>\n<\/div>\n<\/div>\n\n\n\n<div class=\"wp-block-columns is-layout-flex wp-container-core-columns-is-layout-514d226b wp-block-columns-is-layout-flex\" style=\"padding-top:40px;padding-bottom:0px\">\n<div class=\"wp-block-column has-background is-layout-flow wp-block-column-is-layout-flow\" style=\"background-color:#40593cc4\">\n<figure class=\"wp-block-image aligncenter size-full is-resized\"><img loading=\"lazy\" decoding=\"async\" width=\"99\" height=\"101\" src=\"https:\/\/psychologue-autisme.fr\/wp-content\/uploads\/2025\/07\/avid-diag.jpg\" alt=\"\" class=\"wp-image-115\" style=\"width:80px;height:undefinedpx\"\/><\/figure>\n\n\n\n<h3 class=\"wp-block-heading has-text-align-center has-text-color\" style=\"color:#000000;padding-top:20px;padding-bottom:20px;font-size:clamp(17.371px, 1.086rem + ((1vw - 3.2px) * 1.094), 27px);font-style:normal;font-weight:400;line-height:1.5\">Avis diagnostic<\/h3>\n\n\n\n<p class=\"has-text-align-center has-text-color has-link-color wp-elements-21ad4ba8d860172970d802ddf0733a4c\" style=\"color:#000000;font-size:clamp(14px, 0.875rem + ((1vw - 3.2px) * 0.455), 18px);\">Lors d\u2019un entretien d\u2019une heure, nous explorons ensemble votre parcours, vos exp\u00e9riences, vos questionnements et les \u00e9ventuelles manifestations pouvant r\u00e9sulter d&rsquo;un trouble du spectre de l&rsquo;autisme. <\/p>\n\n\n\n<p class=\"has-text-align-center has-text-color has-link-color wp-elements-b9ec94e6073b49c3980bceafb43d9c47\" style=\"color:#000000;font-size:clamp(14px, 0.875rem + ((1vw - 3.2px) * 0.455), 18px);\">Cet \u00e9change permet de poser un premier regard clinique et d\u2019\u00e9valuer si une orientation vers une d\u00e9marche diagnostique compl\u00e8te est justifi\u00e9e, ou si les \u00e9l\u00e9ments recueillis orientent vers d&rsquo;autres probl\u00e9matiques .<\/p>\n\n\n\n<p class=\"has-text-align-center has-text-color has-link-color wp-elements-54e746c9449bec67183a829b551175d4\" style=\"color:#000000;font-size:clamp(14px, 0.875rem + ((1vw - 3.2px) * 0.455), 18px);\">A la demande, un \u00e9crit circonstanci\u00e9 \u00e0 l\u2019attention des professionnels ou structures habilit\u00e9s au diagnostic (CRA, psychiatre, neuropsychologue\u2026), reprenant les \u00e9l\u00e9ments cl\u00e9s de notre \u00e9change peut vous \u00eatres remis pour soutenir votre d\u00e9marche.<\/p>\n\n\n\n<p class=\"has-text-align-center has-text-color\" style=\"color:#000000;font-size:clamp(14px, 0.875rem + ((1vw - 3.2px) * 0.455), 18px);line-height:1.6\">60 mins | 70 euros + \u00e9crit d&rsquo;orientation diagnostic | 80 euros<\/p>\n\n\n\n<p><\/p>\n<\/div>\n\n\n\n<div class=\"wp-block-column has-background is-layout-flow wp-block-column-is-layout-flow\" style=\"background-color:#40593cc4\">\n<figure class=\"wp-block-image aligncenter size-full is-resized\"><img loading=\"lazy\" decoding=\"async\" width=\"147\" height=\"141\" src=\"https:\/\/psychologue-autisme.fr\/wp-content\/uploads\/2025\/07\/bilan.jpg\" alt=\"\" class=\"wp-image-116\" style=\"width:80px;height:undefinedpx\"\/><\/figure>\n\n\n\n<h3 class=\"wp-block-heading has-text-align-center has-text-color\" style=\"color:#000000;padding-top:20px;padding-bottom:20px;font-size:clamp(17.371px, 1.086rem + ((1vw - 3.2px) * 1.094), 27px);font-style:normal;font-weight:400;line-height:1.5\">Bilans de d\u00e9veloppement<\/h3>\n\n\n\n<p class=\"has-text-align-center has-text-color has-link-color wp-elements-6ccfbbf51017c88f72138217f0da7ba3\" style=\"color:#000000;font-size:clamp(14px, 0.875rem + ((1vw - 3.2px) * 0.455), 18px);\">Dans le cadre des suivis enfants, je propose la r\u00e9alisation de bilans visant \u00e0 mieux comprendre leur profil de d\u00e9veloppement, leurs comp\u00e9tences et besoins sp\u00e9cifiques. J\u2019utilise des outils standardis\u00e9s tels que le BECS, le PEP-3, la Vineland-II, le VB-MAPP ou le M-CHAT, en fonction de l\u2019\u00e2ge et des objectifs de l\u2019\u00e9valuation. Ces bilans permettent de guider l\u2019accompagnement, d\u2019ajuster les interventions et, si n\u00e9cessaire, d\u2019appuyer une d\u00e9marche diagnostique ou scolaire. <\/p>\n\n\n\n<p class=\"has-text-align-center has-text-color has-link-color wp-elements-05d2e7aa2cab0e1b1319383567cf0e7d\" style=\"color:#000000;font-size:clamp(14px, 0.875rem + ((1vw - 3.2px) * 0.455), 18px);\">Les r\u00e9sultats sont restitu\u00e9s aux familles lors d&rsquo;un entretien, et sont accompagn\u00e9s d\u2019un \u00e9crit.<\/p>\n\n\n\n<p class=\"has-text-align-center has-text-color\" style=\"color:#000000;font-size:clamp(14px, 0.875rem + ((1vw - 3.2px) * 0.455), 18px);line-height:1.6\">dur\u00e9e selon le bilan + \u00e9crit | 250 euros<\/p>\n<\/div>\n<\/div>\n<\/div><\/div>\n\n\n\n<p class=\"has-text-align-center\"><em>Je ne suis pas inscrite dans le dispositif MonPsy. Certaines mutuelles peuvent proposer un remboursement partiel des s\u00e9ances ; n\u2019h\u00e9sitez pas \u00e0 vous renseigner aupr\u00e8s de votre compl\u00e9mentaire sant\u00e9. Pour les personnes b\u00e9n\u00e9ficiant de droits ouverts aupr\u00e8s de la MDPH, des devis peuvent \u00eatre \u00e9tablis sur demande.<\/em><\/p>\n\n\n\n<p><\/p>\n","protected":false},"excerpt":{"rendered":"<p>Je ne suis pas inscrite dans le dispositif MonPsy. Certaines mutuelles peuvent proposer un remboursement partiel des s\u00e9ances ; n\u2019h\u00e9sitez pas \u00e0 vous renseigner aupr\u00e8s de votre compl\u00e9mentaire sant\u00e9. Pour les personnes b\u00e9n\u00e9ficiant de droits ouverts aupr\u00e8s de la MDPH, des devis peuvent \u00eatre \u00e9tablis sur demande.<\/p>\n","protected":false},"author":1,"featured_media":0,"parent":0,"menu_order":0,"comment_status":"closed","ping_status":"closed","template":"","meta":{"footnotes":""},"class_list":["post-31","page","type-page","status-publish","hentry"],"_links":{"self":[{"href":"https:\/\/psychologue-autisme.fr\/index.php?rest_route=\/wp\/v2\/pages\/31","targetHints":{"allow":["GET"]}}],"collection":[{"href":"https:\/\/psychologue-autisme.fr\/index.php?rest_route=\/wp\/v2\/pages"}],"about":[{"href":"https:\/\/psychologue-autisme.fr\/index.php?rest_route=\/wp\/v2\/types\/page"}],"author":[{"embeddable":true,"href":"https:\/\/psychologue-autisme.fr\/index.php?rest_route=\/wp\/v2\/users\/1"}],"replies":[{"embeddable":true,"href":"https:\/\/psychologue-autisme.fr\/index.php?rest_route=%2Fwp%2Fv2%2Fcomments&post=31"}],"version-history":[{"count":26,"href":"https:\/\/psychologue-autisme.fr\/index.php?rest_route=\/wp\/v2\/pages\/31\/revisions"}],"predecessor-version":[{"id":227,"href":"https:\/\/psychologue-autisme.fr\/index.php?rest_route=\/wp\/v2\/pages\/31\/revisions\/227"}],"wp:attachment":[{"href":"https:\/\/psychologue-autisme.fr\/index.php?rest_route=%2Fwp%2Fv2%2Fmedia&parent=31"}],"curies":[{"name":"wp","href":"https:\/\/api.w.org\/{rel}","templated":true}]}}