{"id":24,"date":"2025-04-30T22:16:55","date_gmt":"2025-04-30T20:16:55","guid":{"rendered":"http:\/\/psychologue-autisme.fr\/?page_id=24"},"modified":"2025-08-19T19:37:48","modified_gmt":"2025-08-19T17:37:48","slug":"services","status":"publish","type":"page","link":"https:\/\/psychologue-autisme.fr\/?page_id=24","title":{"rendered":"Le cabinet"},"content":{"rendered":"\n<div class=\"wp-block-columns alignwide are-vertically-aligned-top has-background is-layout-flex wp-container-core-columns-is-layout-65fc320f wp-block-columns-is-layout-flex\" style=\"border-radius:0px;background-color:#b07f15d1;padding-top:3rem\">\n<div class=\"wp-block-column is-vertically-aligned-top is-layout-flow wp-block-column-is-layout-flow\" style=\"padding-top:1rem;padding-right:0.5em;padding-bottom:1rem;padding-left:0.5em\">\n<figure class=\"wp-block-image aligncenter size-full is-resized has-custom-border\"><img loading=\"lazy\" decoding=\"async\" width=\"1600\" height=\"1066\" src=\"https:\/\/psychologue-autisme.fr\/wp-content\/uploads\/2025\/07\/WhatsApp-Image-2025-04-30-at-22.40.15-1-1.jpeg\" alt=\"\" class=\"wp-image-103\" style=\"border-radius:10px;aspect-ratio:1;object-fit:cover;width:266px\" srcset=\"https:\/\/psychologue-autisme.fr\/wp-content\/uploads\/2025\/07\/WhatsApp-Image-2025-04-30-at-22.40.15-1-1.jpeg 1600w, https:\/\/psychologue-autisme.fr\/wp-content\/uploads\/2025\/07\/WhatsApp-Image-2025-04-30-at-22.40.15-1-1-300x200.jpeg 300w, https:\/\/psychologue-autisme.fr\/wp-content\/uploads\/2025\/07\/WhatsApp-Image-2025-04-30-at-22.40.15-1-1-1024x682.jpeg 1024w, https:\/\/psychologue-autisme.fr\/wp-content\/uploads\/2025\/07\/WhatsApp-Image-2025-04-30-at-22.40.15-1-1-768x512.jpeg 768w, https:\/\/psychologue-autisme.fr\/wp-content\/uploads\/2025\/07\/WhatsApp-Image-2025-04-30-at-22.40.15-1-1-1536x1023.jpeg 1536w\" sizes=\"auto, (max-width: 1600px) 100vw, 1600px\" \/><\/figure>\n<\/div>\n\n\n\n<div class=\"wp-block-column is-vertically-aligned-top is-layout-flow wp-block-column-is-layout-flow\" style=\"padding-top:1rem;padding-right:0.5rem;padding-bottom:1rem;padding-left:0.5rem\">\n<figure class=\"wp-block-image aligncenter size-large is-resized has-custom-border\"><img loading=\"lazy\" decoding=\"async\" width=\"1024\" height=\"682\" src=\"https:\/\/psychologue-autisme.fr\/wp-content\/uploads\/2025\/07\/WhatsApp-Image-2025-04-30-at-22.40.14-1-1024x682.jpeg\" alt=\"\" class=\"wp-image-102\" style=\"border-radius:10px;aspect-ratio:1;object-fit:cover;width:266px\" srcset=\"https:\/\/psychologue-autisme.fr\/wp-content\/uploads\/2025\/07\/WhatsApp-Image-2025-04-30-at-22.40.14-1-1024x682.jpeg 1024w, https:\/\/psychologue-autisme.fr\/wp-content\/uploads\/2025\/07\/WhatsApp-Image-2025-04-30-at-22.40.14-1-300x200.jpeg 300w, https:\/\/psychologue-autisme.fr\/wp-content\/uploads\/2025\/07\/WhatsApp-Image-2025-04-30-at-22.40.14-1-768x512.jpeg 768w, https:\/\/psychologue-autisme.fr\/wp-content\/uploads\/2025\/07\/WhatsApp-Image-2025-04-30-at-22.40.14-1-1536x1023.jpeg 1536w, https:\/\/psychologue-autisme.fr\/wp-content\/uploads\/2025\/07\/WhatsApp-Image-2025-04-30-at-22.40.14-1.jpeg 1600w\" sizes=\"auto, (max-width: 1024px) 100vw, 1024px\" \/><\/figure>\n<\/div>\n\n\n\n<div class=\"wp-block-column is-vertically-aligned-top is-layout-flow wp-block-column-is-layout-flow\" style=\"padding-top:1rem;padding-right:0.5rem;padding-bottom:1rem;padding-left:0.5rem\">\n<figure class=\"wp-block-image aligncenter size-full is-resized has-custom-border\"><img loading=\"lazy\" decoding=\"async\" width=\"1100\" height=\"733\" src=\"https:\/\/psychologue-autisme.fr\/wp-content\/uploads\/2025\/07\/WhatsApp-Image-2025-04-30-at-22.40.14-5-2.jpeg\" alt=\"\" class=\"wp-image-101\" style=\"border-radius:10px;aspect-ratio:1;object-fit:cover;width:266px;height:auto\" srcset=\"https:\/\/psychologue-autisme.fr\/wp-content\/uploads\/2025\/07\/WhatsApp-Image-2025-04-30-at-22.40.14-5-2.jpeg 1100w, https:\/\/psychologue-autisme.fr\/wp-content\/uploads\/2025\/07\/WhatsApp-Image-2025-04-30-at-22.40.14-5-2-300x200.jpeg 300w, https:\/\/psychologue-autisme.fr\/wp-content\/uploads\/2025\/07\/WhatsApp-Image-2025-04-30-at-22.40.14-5-2-1024x682.jpeg 1024w, https:\/\/psychologue-autisme.fr\/wp-content\/uploads\/2025\/07\/WhatsApp-Image-2025-04-30-at-22.40.14-5-2-768x512.jpeg 768w\" sizes=\"auto, (max-width: 1100px) 100vw, 1100px\" \/><\/figure>\n<\/div>\n\n\n\n<div class=\"wp-block-column is-vertically-aligned-top is-layout-flow wp-block-column-is-layout-flow\" style=\"padding-top:1rem;padding-right:0.5rem;padding-bottom:1rem;padding-left:0.5rem\">\n<figure class=\"wp-block-image aligncenter size-full is-resized has-custom-border\"><img loading=\"lazy\" decoding=\"async\" width=\"1600\" height=\"1066\" src=\"https:\/\/psychologue-autisme.fr\/wp-content\/uploads\/2025\/07\/WhatsApp-Image-2025-04-30-at-22.40.14-6-1.jpeg\" alt=\"\" class=\"wp-image-104\" style=\"border-radius:10px;aspect-ratio:1;object-fit:cover;width:266px;height:auto\" srcset=\"https:\/\/psychologue-autisme.fr\/wp-content\/uploads\/2025\/07\/WhatsApp-Image-2025-04-30-at-22.40.14-6-1.jpeg 1600w, https:\/\/psychologue-autisme.fr\/wp-content\/uploads\/2025\/07\/WhatsApp-Image-2025-04-30-at-22.40.14-6-1-300x200.jpeg 300w, https:\/\/psychologue-autisme.fr\/wp-content\/uploads\/2025\/07\/WhatsApp-Image-2025-04-30-at-22.40.14-6-1-1024x682.jpeg 1024w, https:\/\/psychologue-autisme.fr\/wp-content\/uploads\/2025\/07\/WhatsApp-Image-2025-04-30-at-22.40.14-6-1-768x512.jpeg 768w, https:\/\/psychologue-autisme.fr\/wp-content\/uploads\/2025\/07\/WhatsApp-Image-2025-04-30-at-22.40.14-6-1-1536x1023.jpeg 1536w\" sizes=\"auto, (max-width: 1600px) 100vw, 1600px\" \/><\/figure>\n\n\n\n<div style=\"height:22px\" aria-hidden=\"true\" class=\"wp-block-spacer\"><\/div>\n<\/div>\n<\/div>\n\n\n\n<div class=\"wp-block-columns is-layout-flex wp-container-core-columns-is-layout-28f84493 wp-block-columns-is-layout-flex\">\n<div class=\"wp-block-column is-layout-flow wp-block-column-is-layout-flow\">\n<figure class=\"wp-block-image\"><img loading=\"lazy\" decoding=\"async\" width=\"682\" height=\"1024\" src=\"https:\/\/psychologue-autisme.fr\/wp-content\/uploads\/2025\/07\/WhatsApp-Image-2025-04-30-at-22.40.14-3-3-682x1024.jpeg\" alt=\"\" class=\"wp-image-106\" style=\"aspect-ratio:3\/4;object-fit:cover\" srcset=\"https:\/\/psychologue-autisme.fr\/wp-content\/uploads\/2025\/07\/WhatsApp-Image-2025-04-30-at-22.40.14-3-3-682x1024.jpeg 682w, https:\/\/psychologue-autisme.fr\/wp-content\/uploads\/2025\/07\/WhatsApp-Image-2025-04-30-at-22.40.14-3-3-200x300.jpeg 200w, https:\/\/psychologue-autisme.fr\/wp-content\/uploads\/2025\/07\/WhatsApp-Image-2025-04-30-at-22.40.14-3-3.jpeg 733w\" sizes=\"auto, (max-width: 682px) 100vw, 682px\" \/><\/figure>\n<\/div>\n\n\n\n<div class=\"wp-block-column is-layout-flow wp-block-column-is-layout-flow\">\n<p style=\"font-size:clamp(14px, 0.875rem + ((1vw - 3.2px) * 0.227), 16px);\">Je vous accueille dans un cabinet situ\u00e9 en rez-de-chauss\u00e9e d&rsquo;une maison, \u00e0 Ramonville -Saint-Agne.<\/p>\n\n\n\n<p style=\"font-size:clamp(14px, 0.875rem + ((1vw - 3.2px) * 0.227), 16px);\">Accessibilit\u00e9 : <\/p>\n\n\n\n<p style=\"font-size:clamp(14px, 0.875rem + ((1vw - 3.2px) * 0.227), 16px);\">En voiture, un parking de rue est \u00e0 proximit\u00e9<\/p>\n\n\n\n<p style=\"font-size:clamp(14px, 0.875rem + ((1vw - 3.2px) * 0.227), 16px);\">ou en bus, <\/p>\n\n\n\n<p style=\"font-size:clamp(14px, 0.875rem + ((1vw - 3.2px) * 0.227), 16px);\"><strong>Ligne 112<\/strong> : arr\u00eat Eglise Ramonville (cabinet \u00e0 100m)<\/p>\n\n\n\n<p style=\"font-size:clamp(14px, 0.875rem + ((1vw - 3.2px) * 0.227), 16px);\"><strong>Lignes 81 et 56<\/strong> : arr\u00eat Lapeyrade (cabinet \u00e0 190m)<\/p>\n\n\n\n<div style=\"height:9px\" aria-hidden=\"true\" class=\"wp-block-spacer\"><\/div>\n<\/div>\n<\/div>\n\n\n\n<div class=\"wp-block-group has-global-padding is-layout-constrained wp-block-group-is-layout-constrained\">\n<iframe src=\"https:\/\/www.google.com\/maps\/embed?pb=!1m18!1m12!1m3!1d2891.6722104585724!2d1.4688179334265212!3d43.55087430769861!2m3!1f0!2f0!3f0!3m2!1i1024!2i768!4f13.1!3m3!1m2!1s0x12aeb7effa9c42ed%3A0x8cef1ca8c4fe8cf0!2sC%C3%A9line%20Denizon%20psychologue%20TSA!5e0!3m2!1sfr!2sfr!4v1752766883927!5m2!1sfr!2sfr\" width=\"600\" height=\"450\" style=\"border:0;\" allowfullscreen=\"\" loading=\"lazy\" referrerpolicy=\"no-referrer-when-downgrade\"><\/iframe>\n<\/div>\n\n\n\n<div style=\"height:20px\" aria-hidden=\"true\" class=\"wp-block-spacer\"><\/div>\n\n\n\n<div class=\"wp-block-group alignwide has-background has-global-padding is-layout-constrained wp-container-core-group-is-layout-f63eccc4 wp-block-group-is-layout-constrained\" style=\"background-color:#a34a0acc;margin-top:0;margin-bottom:0;padding-top:5.51rem;padding-right:1rem;padding-bottom:3rem;padding-left:1rem\">\n<div class=\"wp-block-group alignwide has-global-padding is-layout-constrained wp-block-group-is-layout-constrained\" style=\"padding-bottom:1rem\">\n<h2 class=\"wp-block-heading has-text-align-center has-text-color\" style=\"color:#07277c;font-size:clamp(0.984rem, 0.984rem + ((1vw - 0.2rem) * 0.938), 1.5rem);font-style:normal;font-weight:600;line-height:1.5;text-transform:capitalize\">Les autres psychologues et neuropsychologues du cabinet<\/h2>\n<\/div>\n\n\n\n<div class=\"wp-block-group alignwide has-global-padding is-layout-constrained wp-container-core-group-is-layout-1cf432e6 wp-block-group-is-layout-constrained\" style=\"margin-top:1.01rem\">\n<div class=\"wp-block-columns alignwide is-layout-flex wp-container-core-columns-is-layout-85231905 wp-block-columns-is-layout-flex\">\n<div class=\"wp-block-column has-global-padding is-content-justification-center is-layout-constrained wp-container-core-column-is-layout-412b4476 wp-block-column-is-layout-constrained\" style=\"padding-bottom:2rem\">\n<div class=\"wp-block-group has-global-padding is-layout-constrained wp-container-core-group-is-layout-668d2085 wp-block-group-is-layout-constrained\">\n<figure class=\"wp-block-image aligncenter size-full is-resized has-custom-border\"><img loading=\"lazy\" decoding=\"async\" width=\"470\" height=\"498\" src=\"https:\/\/psychologue-autisme.fr\/wp-content\/uploads\/2025\/07\/Delphine-2.jpg\" alt=\"\" class=\"wp-image-86\" style=\"border-radius:10px;aspect-ratio:1;object-fit:cover;width:190px\" srcset=\"https:\/\/psychologue-autisme.fr\/wp-content\/uploads\/2025\/07\/Delphine-2.jpg 470w, https:\/\/psychologue-autisme.fr\/wp-content\/uploads\/2025\/07\/Delphine-2-283x300.jpg 283w\" sizes=\"auto, (max-width: 470px) 100vw, 470px\" \/><\/figure>\n\n\n\n<h5 class=\"wp-block-heading has-text-align-center has-text-color\" style=\"color:#07277c;font-size:clamp(0.875rem, 0.875rem + ((1vw - 0.2rem) * 0.591), 1.2rem);font-style:normal;font-weight:600;line-height:1.4;text-transform:capitalize\">Delphine POULET Neuropsychologue<\/h5>\n<\/div>\n\n\n\n<div class=\"wp-block-group has-global-padding is-layout-constrained wp-container-core-group-is-layout-4f9f0532 wp-block-group-is-layout-constrained\">\n<p class=\"has-text-align-center has-text-color\" style=\"color:#010101;margin-top:0rem;font-size:clamp(0.875rem, 0.875rem + ((1vw - 0.2rem) * 0.064), 0.91rem);font-style:normal;font-weight:400;line-height:1.5\">Suivis adultes. LSF possible &#8211; niveau B2.3. Th\u00e9rapies Cognitives et Comportementales (TCC) et ACT (Th\u00e9rapie d\u2019Acceptation et d\u2019engagement).<br>Prises en charge\u00a0en neuropsychologie.<br>Interventions de\u00a0formation et\/ou sensibilisation dans les associations et entreprises.<\/p>\n\n\n\n<p class=\"has-text-align-center has-text-color\" style=\"color:#252525;margin-top:0rem;font-size:clamp(0.875rem, 0.875rem + ((1vw - 0.2rem) * 0.064), 0.91rem);font-style:normal;font-weight:400;line-height:1.5\"><\/p>\n\n\n\n<p class=\"has-text-align-center has-text-color\" style=\"color:#010101;margin-top:0rem;font-size:clamp(0.875rem, 0.875rem + ((1vw - 0.2rem) * 0.064), 0.91rem);font-style:normal;font-weight:400;line-height:1.5\">Son site internet : <a href=\"https:\/\/delphine-poulet-psychologue.fr\/\">https:\/\/delphine-poulet-psychologue.fr\/<\/a><\/p>\n<\/div>\n<\/div>\n\n\n\n<div class=\"wp-block-column has-global-padding is-layout-constrained wp-container-core-column-is-layout-a3af4fe5 wp-block-column-is-layout-constrained\" style=\"padding-bottom:2rem\">\n<div class=\"wp-block-group has-global-padding is-layout-constrained wp-container-core-group-is-layout-668d2085 wp-block-group-is-layout-constrained\">\n<figure class=\"wp-block-image aligncenter size-full is-resized has-custom-border\"><img loading=\"lazy\" decoding=\"async\" width=\"578\" height=\"577\" src=\"https:\/\/psychologue-autisme.fr\/wp-content\/uploads\/2025\/07\/Cecile-3.jpg\" alt=\"\" class=\"wp-image-89\" style=\"border-radius:10px;aspect-ratio:1;object-fit:cover;width:190px\" srcset=\"https:\/\/psychologue-autisme.fr\/wp-content\/uploads\/2025\/07\/Cecile-3.jpg 578w, https:\/\/psychologue-autisme.fr\/wp-content\/uploads\/2025\/07\/Cecile-3-300x300.jpg 300w, https:\/\/psychologue-autisme.fr\/wp-content\/uploads\/2025\/07\/Cecile-3-150x150.jpg 150w\" sizes=\"auto, (max-width: 578px) 100vw, 578px\" \/><\/figure>\n\n\n\n<h5 class=\"wp-block-heading has-text-align-center has-text-color\" style=\"color:#07277c;font-size:clamp(0.875rem, 0.875rem + ((1vw - 0.2rem) * 0.591), 1.2rem);font-style:normal;font-weight:600;line-height:1.4;text-transform:capitalize\">C\u00e9cile PAPON              psychologue<\/h5>\n<\/div>\n\n\n\n<div class=\"wp-block-group has-global-padding is-layout-constrained wp-container-core-group-is-layout-4f9f0532 wp-block-group-is-layout-constrained\">\n<p class=\"has-text-align-center has-text-color\" style=\"color:#000000;margin-top:0rem;font-size:clamp(0.875rem, 0.875rem + ((1vw - 0.2rem) * 0.064), 0.91rem);font-style:normal;font-weight:400;line-height:1.5\">Accompagnement th\u00e9rapeutique de l&rsquo;adulte ax\u00e9 sur la th\u00e9rapie des sch\u00e9mas et sur l&rsquo;EMDR.<br>Th\u00e9rapie de couples et familiales. M\u00e9diations syst\u00e9miques et th\u00e9rapie comportementale TE3C, inspir\u00e9e de l&rsquo;IBCT et de la th\u00e9rapie des sch\u00e9mas.<br>Bilans d&rsquo;efficience intellectuelle et des capacit\u00e9s adaptatives, \u00e0 partir de 6 ans.<\/p>\n\n\n\n<p class=\"has-text-align-center has-text-color\" style=\"color:#252525;margin-top:0rem;font-size:clamp(0.875rem, 0.875rem + ((1vw - 0.2rem) * 0.064), 0.91rem);font-style:normal;font-weight:400;line-height:1.5\"><\/p>\n\n\n\n<p class=\"has-text-align-center has-text-color\" style=\"color:#000000;margin-top:0rem;font-size:clamp(0.875rem, 0.875rem + ((1vw - 0.2rem) * 0.064), 0.91rem);font-style:normal;font-weight:400;line-height:1.5\">Son site internet : <a href=\"https:\/\/psycontact31.wixsite.com\/cecilepapon\">https:\/\/psycontact31.wixsite.com\/cecilepapon<\/a><\/p>\n<\/div>\n<\/div>\n\n\n\n<div class=\"wp-block-column has-global-padding is-content-justification-center is-layout-constrained wp-container-core-column-is-layout-412b4476 wp-block-column-is-layout-constrained\" style=\"padding-bottom:2rem\">\n<div class=\"wp-block-group has-global-padding is-layout-constrained wp-container-core-group-is-layout-668d2085 wp-block-group-is-layout-constrained\">\n<figure class=\"wp-block-image aligncenter size-full is-resized has-custom-border\"><img loading=\"lazy\" decoding=\"async\" width=\"677\" height=\"509\" src=\"https:\/\/psychologue-autisme.fr\/wp-content\/uploads\/2025\/07\/Sandrine-2.jpg\" alt=\"\" class=\"wp-image-88\" style=\"border-radius:10px;aspect-ratio:1;object-fit:cover;width:190px\" srcset=\"https:\/\/psychologue-autisme.fr\/wp-content\/uploads\/2025\/07\/Sandrine-2.jpg 677w, https:\/\/psychologue-autisme.fr\/wp-content\/uploads\/2025\/07\/Sandrine-2-300x226.jpg 300w\" sizes=\"auto, (max-width: 677px) 100vw, 677px\" \/><\/figure>\n\n\n\n<h5 class=\"wp-block-heading has-text-align-center has-text-color\" style=\"color:#07277c;font-size:clamp(0.875rem, 0.875rem + ((1vw - 0.2rem) * 0.591), 1.2rem);font-style:normal;font-weight:600;line-height:1.4;text-transform:capitalize\">Sandrine RAPPENECKER Neuropsychologue<\/h5>\n<\/div>\n\n\n\n<div class=\"wp-block-group has-global-padding is-layout-constrained wp-container-core-group-is-layout-4f9f0532 wp-block-group-is-layout-constrained\">\n<p class=\"has-text-align-center has-text-color\" style=\"color:#000000;margin-top:0rem;font-size:clamp(0.875rem, 0.875rem + ((1vw - 0.2rem) * 0.064), 0.91rem);font-style:normal;font-weight:400;line-height:1.5\">Suivis adultes. Prise en charge des&nbsp;probl\u00e9matiques d\u2019auto-r\u00e9gulation mentale&nbsp;(intellectuelle\/cognitive, \u00e9motionnelle) et&nbsp;comportementale, plus particuli\u00e8rement, au ph\u00e9nom\u00e8ne d\u2019hyperactivit\u00e9\/suractivation mentale&nbsp;qui g\u00e9n\u00e8re de la fatigue et, \u00e0 terme, un risque de troubles de l\u2019humeur, du sommeil et un \u00e9puisement.<\/p>\n\n\n\n<p class=\"has-text-align-center has-text-color\" style=\"color:#252525;margin-top:0rem;font-size:clamp(0.875rem, 0.875rem + ((1vw - 0.2rem) * 0.064), 0.91rem);font-style:normal;font-weight:400;line-height:1.5\"><\/p>\n\n\n\n<p class=\"has-text-align-center has-text-color\" style=\"color:#000000;margin-top:0rem;margin-bottom:0;font-size:clamp(0.875rem, 0.875rem + ((1vw - 0.2rem) * 0.064), 0.91rem);font-style:normal;font-weight:400;line-height:1.5\">Son site internet : <a href=\"https:\/\/rappenecker-neuropsychologue.fr\/\">https:\/\/rappenecker-neuropsychologue.fr\/<\/a><\/p>\n<\/div>\n<\/div>\n<\/div>\n<\/div>\n<\/div>\n\n\n\n<div class=\"wp-block-columns is-layout-flex wp-container-core-columns-is-layout-28f84493 wp-block-columns-is-layout-flex\">\n<div class=\"wp-block-column is-layout-flow wp-block-column-is-layout-flow\"><\/div>\n\n\n\n<div class=\"wp-block-column is-layout-flow wp-block-column-is-layout-flow\"><\/div>\n\n\n\n<div class=\"wp-block-column is-layout-flow wp-block-column-is-layout-flow\"><\/div>\n<\/div>\n\n\n\n<p><\/p>\n","protected":false},"excerpt":{"rendered":"<p>Je vous accueille dans un cabinet situ\u00e9 en rez-de-chauss\u00e9e d&rsquo;une maison, \u00e0 Ramonville -Saint-Agne. Accessibilit\u00e9 : En voiture, un parking de rue est \u00e0 proximit\u00e9 ou en bus, Ligne 112 : arr\u00eat Eglise Ramonville (cabinet \u00e0 100m) Lignes 81 et 56 : arr\u00eat Lapeyrade (cabinet \u00e0 190m) Les autres psychologues et neuropsychologues du cabinet Delphine [&hellip;]<\/p>\n","protected":false},"author":1,"featured_media":0,"parent":0,"menu_order":0,"comment_status":"closed","ping_status":"closed","template":"","meta":{"footnotes":""},"class_list":["post-24","page","type-page","status-publish","hentry"],"_links":{"self":[{"href":"https:\/\/psychologue-autisme.fr\/index.php?rest_route=\/wp\/v2\/pages\/24","targetHints":{"allow":["GET"]}}],"collection":[{"href":"https:\/\/psychologue-autisme.fr\/index.php?rest_route=\/wp\/v2\/pages"}],"about":[{"href":"https:\/\/psychologue-autisme.fr\/index.php?rest_route=\/wp\/v2\/types\/page"}],"author":[{"embeddable":true,"href":"https:\/\/psychologue-autisme.fr\/index.php?rest_route=\/wp\/v2\/users\/1"}],"replies":[{"embeddable":true,"href":"https:\/\/psychologue-autisme.fr\/index.php?rest_route=%2Fwp%2Fv2%2Fcomments&post=24"}],"version-history":[{"count":27,"href":"https:\/\/psychologue-autisme.fr\/index.php?rest_route=\/wp\/v2\/pages\/24\/revisions"}],"predecessor-version":[{"id":243,"href":"https:\/\/psychologue-autisme.fr\/index.php?rest_route=\/wp\/v2\/pages\/24\/revisions\/243"}],"wp:attachment":[{"href":"https:\/\/psychologue-autisme.fr\/index.php?rest_route=%2Fwp%2Fv2%2Fmedia&parent=24"}],"curies":[{"name":"wp","href":"https:\/\/api.w.org\/{rel}","templated":true}]}}