{"id":230,"date":"2025-07-18T19:09:21","date_gmt":"2025-07-18T17:09:21","guid":{"rendered":"https:\/\/psychologue-autisme.fr\/?page_id=230"},"modified":"2025-07-18T19:11:10","modified_gmt":"2025-07-18T17:11:10","slug":"%f0%9f%93%84mentions-legales","status":"publish","type":"page","link":"https:\/\/psychologue-autisme.fr\/?page_id=230","title":{"rendered":"\ud83d\udcc4Mentions l\u00e9gales"},"content":{"rendered":"\n<p class=\"has-large-font-size\"><strong>\ud83d\udcc4Mentions l\u00e9gales<\/strong><\/p>\n\n\n\n<p><strong>\u00c9diteur du site<\/strong><\/p>\n\n\n\n<p>Ce site est \u00e9dit\u00e9 par : C\u00e9line Denizon, psychologue<br>Exer\u00e7ant en micro-entreprise<br>Num\u00e9ro SIRET : 83914345000022<br>Num\u00e9ro RPPS : 10009664664<br>Adresse professionnelle : 11 rue de l&rsquo;Eglise, 31520 Ramonville-Saint-Agne<br>Email : celine.denizon@gmail.com<br>T\u00e9l\u00e9phone : 06.59.84.12.51<\/p>\n\n\n\n<p><strong>Directeur de la publication<\/strong> : C\u00e9line Denizon<\/p>\n\n\n\n<hr class=\"wp-block-separator has-alpha-channel-opacity\"\/>\n\n\n\n<p><strong>H\u00e9bergeur du site<\/strong><\/p>\n\n\n\n<p>Ce site est h\u00e9berg\u00e9 par : <strong>OVH<\/strong><br>SAS au capital de 10 174 560 \u20ac<br>Si\u00e8ge social : 2 rue Kellermann, 59100 Roubaix, France<br>Site : <a href=\"https:\/\/www.ovhcloud.com\/\">https:\/\/www.ovhcloud.com<\/a><\/p>\n\n\n\n<hr class=\"wp-block-separator has-alpha-channel-opacity\"\/>\n\n\n\n<p><strong>Activit\u00e9 professionnelle<\/strong><\/p>\n\n\n\n<p>Titre professionnel : <strong>Psychologue<\/strong><br>Dipl\u00f4me obtenu en <strong>France<\/strong><br>Universit\u00e9 : <strong>Universit\u00e9 Jean Jaur\u00e8s de Toulouse<\/strong><br>Le titre de psychologue est prot\u00e9g\u00e9 par la loi n\u00b085-772 du 25 juillet 1985.<br>Membre inscrit au r\u00e9pertoire RPPS.<\/p>\n\n\n\n<p><strong>Code de d\u00e9ontologie des psychologues<\/strong> :<br><a href=\"https:\/\/www.codededeontologiedespsychologues.fr\/\">https:\/\/www.codededeontologiedespsychologues.fr\/<\/a><\/p>\n\n\n\n<hr class=\"wp-block-separator has-alpha-channel-opacity\"\/>\n\n\n\n<p><strong>Propri\u00e9t\u00e9 intellectuelle<\/strong><\/p>\n\n\n\n<p>L\u2019ensemble des contenus pr\u00e9sents sur ce site (textes, \u00e9l\u00e9ments graphiques, etc.) sont libres de droits ou r\u00e9alis\u00e9s par l\u2019\u00e9diteur.<br><strong>Le logo et les photographies du cabinet<\/strong> sont la propri\u00e9t\u00e9 exclusive de l\u2019\u00e9diteur et ne peuvent \u00eatre r\u00e9utilis\u00e9s sans autorisation.<\/p>\n\n\n\n<p>Toute reproduction, repr\u00e9sentation, modification, publication, adaptation totale ou partielle de ces \u00e9l\u00e9ments est interdite, sauf autorisation \u00e9crite pr\u00e9alable.<\/p>\n\n\n\n<hr class=\"wp-block-separator has-alpha-channel-opacity\"\/>\n\n\n\n<p><strong>Donn\u00e9es personnelles<\/strong><\/p>\n\n\n\n<p>Un <strong>formulaire de contact<\/strong> est mis \u00e0 disposition uniquement pour la <strong>prise de rendez-vous<\/strong>.<br>Les donn\u00e9es transmises (nom, adresse email, num\u00e9ro de t\u00e9l\u00e9phone, etc.) sont utilis\u00e9es uniquement pour permettre la gestion du rendez-vous.<br>Ces donn\u00e9es ne sont ni conserv\u00e9es au-del\u00e0 de ce qui est strictement n\u00e9cessaire, ni transmises \u00e0 des tiers.<\/p>\n\n\n\n<p>Conform\u00e9ment au <strong>R\u00e8glement G\u00e9n\u00e9ral sur la Protection des Donn\u00e9es (RGPD)<\/strong>, vous disposez d\u2019un droit d\u2019acc\u00e8s, de rectification et de suppression des donn\u00e9es vous concernant.<br>Pour exercer ce droit, vous pouvez envoyer un message \u00e0 : celine.denizon@gmail.com<\/p>\n\n\n\n<hr class=\"wp-block-separator has-alpha-channel-opacity\"\/>\n\n\n\n<p><strong>Contact<\/strong><\/p>\n\n\n\n<p>Pour toute question, vous pouvez me contacter \u00e0 l\u2019adresse suivante :<br>\ud83d\udce7 celine.denizon@gmail.com<\/p>\n","protected":false},"excerpt":{"rendered":"<p>\ud83d\udcc4Mentions l\u00e9gales \u00c9diteur du site Ce site est \u00e9dit\u00e9 par : C\u00e9line Denizon, psychologueExer\u00e7ant en micro-entrepriseNum\u00e9ro SIRET : 83914345000022Num\u00e9ro RPPS : 10009664664Adresse professionnelle : 11 rue de l&rsquo;Eglise, 31520 Ramonville-Saint-AgneEmail : celine.denizon@gmail.comT\u00e9l\u00e9phone : 06.59.84.12.51 Directeur de la publication : C\u00e9line Denizon H\u00e9bergeur du site Ce site est h\u00e9berg\u00e9 par : OVHSAS au capital de 10 [&hellip;]<\/p>\n","protected":false},"author":1,"featured_media":0,"parent":0,"menu_order":0,"comment_status":"closed","ping_status":"closed","template":"","meta":{"footnotes":""},"class_list":["post-230","page","type-page","status-publish","hentry"],"_links":{"self":[{"href":"https:\/\/psychologue-autisme.fr\/index.php?rest_route=\/wp\/v2\/pages\/230","targetHints":{"allow":["GET"]}}],"collection":[{"href":"https:\/\/psychologue-autisme.fr\/index.php?rest_route=\/wp\/v2\/pages"}],"about":[{"href":"https:\/\/psychologue-autisme.fr\/index.php?rest_route=\/wp\/v2\/types\/page"}],"author":[{"embeddable":true,"href":"https:\/\/psychologue-autisme.fr\/index.php?rest_route=\/wp\/v2\/users\/1"}],"replies":[{"embeddable":true,"href":"https:\/\/psychologue-autisme.fr\/index.php?rest_route=%2Fwp%2Fv2%2Fcomments&post=230"}],"version-history":[{"count":2,"href":"https:\/\/psychologue-autisme.fr\/index.php?rest_route=\/wp\/v2\/pages\/230\/revisions"}],"predecessor-version":[{"id":233,"href":"https:\/\/psychologue-autisme.fr\/index.php?rest_route=\/wp\/v2\/pages\/230\/revisions\/233"}],"wp:attachment":[{"href":"https:\/\/psychologue-autisme.fr\/index.php?rest_route=%2Fwp%2Fv2%2Fmedia&parent=230"}],"curies":[{"name":"wp","href":"https:\/\/api.w.org\/{rel}","templated":true}]}}