{"id":18,"date":"2025-04-30T22:15:00","date_gmt":"2025-04-30T20:15:00","guid":{"rendered":"http:\/\/psychologue-autisme.fr\/?page_id=18"},"modified":"2025-07-17T22:12:08","modified_gmt":"2025-07-17T20:12:08","slug":"accueil","status":"publish","type":"page","link":"https:\/\/psychologue-autisme.fr\/","title":{"rendered":"Accueil"},"content":{"rendered":"\n<div class=\"wp-block-group alignfull has-global-padding is-layout-constrained wp-block-group-is-layout-constrained\">\n<div class=\"wp-block-cover alignfull\"><img loading=\"lazy\" decoding=\"async\" width=\"1024\" height=\"683\" class=\"wp-block-cover__image-background wp-image-56\" alt=\"C\u00e9line Denizon\" src=\"https:\/\/psychologue-autisme.fr\/wp-content\/uploads\/2025\/05\/annie-spratt-nP9J7O90HfY-unsplash-1-1024x683.jpg\" data-object-fit=\"cover\" srcset=\"https:\/\/psychologue-autisme.fr\/wp-content\/uploads\/2025\/05\/annie-spratt-nP9J7O90HfY-unsplash-1-1024x683.jpg 1024w, https:\/\/psychologue-autisme.fr\/wp-content\/uploads\/2025\/05\/annie-spratt-nP9J7O90HfY-unsplash-1-300x200.jpg 300w, https:\/\/psychologue-autisme.fr\/wp-content\/uploads\/2025\/05\/annie-spratt-nP9J7O90HfY-unsplash-1-768x512.jpg 768w, https:\/\/psychologue-autisme.fr\/wp-content\/uploads\/2025\/05\/annie-spratt-nP9J7O90HfY-unsplash-1-1536x1024.jpg 1536w, https:\/\/psychologue-autisme.fr\/wp-content\/uploads\/2025\/05\/annie-spratt-nP9J7O90HfY-unsplash-1.jpg 1920w\" sizes=\"auto, (max-width: 1024px) 100vw, 1024px\" \/><span aria-hidden=\"true\" class=\"wp-block-cover__background has-background-dim-40 has-background-dim\"><\/span><div class=\"wp-block-cover__inner-container is-layout-flow wp-block-cover-is-layout-flow\">\n<div style=\"height:181px\" aria-hidden=\"true\" class=\"wp-block-spacer\"><\/div>\n\n\n\n<p class=\"has-text-align-center has-large-font-size\">C\u00e9line Denizon &#8211; Psychologue sp\u00e9cialis\u00e9e en trouble du spectre de l&rsquo;autisme<\/p>\n<\/div><\/div>\n<\/div>\n\n\n\n<div class=\"wp-block-cover alignfull is-light\" style=\"margin-top:0;margin-bottom:0;padding-top:0;padding-bottom:0;min-height:50px;aspect-ratio:unset;\"><span aria-hidden=\"true\" class=\"wp-block-cover__background has-base-background-color has-background-dim-0 has-background-dim\"><\/span><div class=\"wp-block-cover__inner-container has-global-padding is-layout-constrained wp-container-core-cover-is-layout-2d4dec71 wp-block-cover-is-layout-constrained\">\n<div class=\"wp-block-columns is-layout-flex wp-container-core-columns-is-layout-2fca5a9e wp-block-columns-is-layout-flex\" style=\"margin-top:96px;margin-bottom:96px\">\n<div class=\"wp-block-column is-layout-flow wp-block-column-is-layout-flow\" style=\"flex-basis:48%\">\n<figure class=\"wp-block-image aligncenter size-full is-resized has-custom-border is-style-default\"><img loading=\"lazy\" decoding=\"async\" width=\"1100\" height=\"733\" src=\"https:\/\/psychologue-autisme.fr\/wp-content\/uploads\/2025\/05\/WhatsApp-Image-2025-04-30-at-22.40.15-3.jpeg\" alt=\"\" class=\"wp-image-58\" style=\"border-radius:10px;aspect-ratio:1;object-fit:cover;width:560px;height:auto\" srcset=\"https:\/\/psychologue-autisme.fr\/wp-content\/uploads\/2025\/05\/WhatsApp-Image-2025-04-30-at-22.40.15-3.jpeg 1100w, https:\/\/psychologue-autisme.fr\/wp-content\/uploads\/2025\/05\/WhatsApp-Image-2025-04-30-at-22.40.15-3-300x200.jpeg 300w, https:\/\/psychologue-autisme.fr\/wp-content\/uploads\/2025\/05\/WhatsApp-Image-2025-04-30-at-22.40.15-3-1024x682.jpeg 1024w, https:\/\/psychologue-autisme.fr\/wp-content\/uploads\/2025\/05\/WhatsApp-Image-2025-04-30-at-22.40.15-3-768x512.jpeg 768w\" sizes=\"auto, (max-width: 1100px) 100vw, 1100px\" \/><\/figure>\n<\/div>\n\n\n\n<div class=\"wp-block-column is-vertically-aligned-center is-layout-flow wp-block-column-is-layout-flow\">\n<p class=\"has-text-color\" style=\"color:#000000;font-size:clamp(14px, 0.875rem + ((1vw - 3.2px) * 0.227), 16px);\">Psychologue sp\u00e9cialis\u00e9e dans l\u2019accompagnement des personnes autistes, j\u2019interviens aupr\u00e8s d\u2019adultes d\u2019adolescents et d\u2019enfants, avec ou sans diagnostic formel.<\/p>\n\n\n\n<p style=\"font-size:clamp(14px, 0.875rem + ((1vw - 3.2px) * 0.227), 16px);\">Ma pratique repose sur les approches comportementales recommand\u00e9es par la HAS, telles que l\u2019ABA-VB, tout en int\u00e9grant des outils issus de la psychologie cognitive et humaniste, afin d\u2019offrir un accompagnement individualis\u00e9, respectueux des singularit\u00e9s de chacun. Mon parcours m\u2019a amen\u00e9e \u00e0 accompagner des personnes tout au long de leur vie, dans des contextes vari\u00e9s (milieu sp\u00e9cialis\u00e9, cabinet lib\u00e9ral, institutions), ce qui m\u2019a permis d\u2019affiner ma compr\u00e9hension des enjeux propres \u00e0 l\u2019autisme : difficult\u00e9s d\u2019adaptation, surcharge sensorielle, questionnements identitaires, relations sociales ou encore insertion professionnelle. Je propose des suivis sur mesure, fond\u00e9s sur une \u00e9valuation approfondie des besoins et des objectifs de la personne. Mon travail vise \u00e0 favoriser une meilleure compr\u00e9hension de soi, le d\u00e9veloppement des comp\u00e9tences fonctionnelles et relationnelles, ainsi qu\u2019une qualit\u00e9 de vie am\u00e9lior\u00e9e, dans le respect du rythme et des priorit\u00e9s de chacun\u00b7e.<\/p>\n\n\n\n<p class=\"has-text-color\" style=\"color:#000000;font-size:clamp(14px, 0.875rem + ((1vw - 3.2px) * 0.227), 16px);\">J\u2019accompagne \u00e9galement les proches (familles, conjoint\u00b7es, aidants), en leur proposant des espaces de soutien et de guidance adapt\u00e9s \u00e0 leurs r\u00e9alit\u00e9s. Enfin, je travaille en r\u00e9seau avec d\u2019autres professionnels lorsque cela est pertinent, dans une logique de continuit\u00e9 et de coh\u00e9rence des accompagnements.<\/p>\n\n\n\n<p class=\"has-text-color\" style=\"color:#000000;font-size:clamp(14px, 0.875rem + ((1vw - 3.2px) * 0.227), 16px);\"><\/p>\n\n\n\n<p class=\"has-text-color\" style=\"color:#000000;font-size:clamp(14px, 0.875rem + ((1vw - 3.2px) * 0.114), 15px);\"><\/p>\n\n\n\n<p class=\"has-text-align-left has-text-color\" style=\"color:#000000;margin-top:0px;margin-bottom:0px;font-size:clamp(14px, 0.875rem + ((1vw - 3.2px) * 0.114), 15px);line-height:1.6\"><\/p>\n<\/div>\n<\/div>\n<\/div><\/div>\n","protected":false},"excerpt":{"rendered":"","protected":false},"author":1,"featured_media":0,"parent":0,"menu_order":0,"comment_status":"closed","ping_status":"closed","template":"","meta":{"footnotes":""},"class_list":["post-18","page","type-page","status-publish","hentry"],"_links":{"self":[{"href":"https:\/\/psychologue-autisme.fr\/index.php?rest_route=\/wp\/v2\/pages\/18","targetHints":{"allow":["GET"]}}],"collection":[{"href":"https:\/\/psychologue-autisme.fr\/index.php?rest_route=\/wp\/v2\/pages"}],"about":[{"href":"https:\/\/psychologue-autisme.fr\/index.php?rest_route=\/wp\/v2\/types\/page"}],"author":[{"embeddable":true,"href":"https:\/\/psychologue-autisme.fr\/index.php?rest_route=\/wp\/v2\/users\/1"}],"replies":[{"embeddable":true,"href":"https:\/\/psychologue-autisme.fr\/index.php?rest_route=%2Fwp%2Fv2%2Fcomments&post=18"}],"version-history":[{"count":15,"href":"https:\/\/psychologue-autisme.fr\/index.php?rest_route=\/wp\/v2\/pages\/18\/revisions"}],"predecessor-version":[{"id":207,"href":"https:\/\/psychologue-autisme.fr\/index.php?rest_route=\/wp\/v2\/pages\/18\/revisions\/207"}],"wp:attachment":[{"href":"https:\/\/psychologue-autisme.fr\/index.php?rest_route=%2Fwp%2Fv2%2Fmedia&parent=18"}],"curies":[{"name":"wp","href":"https:\/\/api.w.org\/{rel}","templated":true}]}}